{"id":2290,"date":"2025-10-01T05:37:07","date_gmt":"2025-10-01T05:37:07","guid":{"rendered":"http:\/\/sp2.bedzin.pl\/?page_id=2290"},"modified":"2025-11-08T02:36:50","modified_gmt":"2025-11-08T02:36:50","slug":"klasy","status":"publish","type":"page","link":"https:\/\/sp2.bedzin.pl\/?page_id=2290","title":{"rendered":"Klasy"},"content":{"rendered":"<p><img fetchpriority=\"high\" decoding=\"async\" class=\"size-medium wp-image-2550 alignnone\" src=\"https:\/\/sp2.bedzin.pl\/wp-content\/uploads\/2025\/11\/Biblioteka-2-1-300x225.jpg\" alt=\"\" width=\"300\" height=\"225\" srcset=\"https:\/\/sp2.bedzin.pl\/wp-content\/uploads\/2025\/11\/Biblioteka-2-1-300x225.jpg 300w, https:\/\/sp2.bedzin.pl\/wp-content\/uploads\/2025\/11\/Biblioteka-2-1-1024x768.jpg 1024w, https:\/\/sp2.bedzin.pl\/wp-content\/uploads\/2025\/11\/Biblioteka-2-1-768x576.jpg 768w, https:\/\/sp2.bedzin.pl\/wp-content\/uploads\/2025\/11\/Biblioteka-2-1-1536x1152.jpg 1536w, https:\/\/sp2.bedzin.pl\/wp-content\/uploads\/2025\/11\/Biblioteka-2-1-2048x1536.jpg 2048w\" sizes=\"(max-width: 300px) 100vw, 300px\" \/><img decoding=\"async\" class=\"alignnone size-medium wp-image-2548\" src=\"https:\/\/sp2.bedzin.pl\/wp-content\/uploads\/2025\/11\/sala-lekcyjna-nr-16-300x225.jpg\" alt=\"\" width=\"300\" height=\"225\" srcset=\"https:\/\/sp2.bedzin.pl\/wp-content\/uploads\/2025\/11\/sala-lekcyjna-nr-16-300x225.jpg 300w, https:\/\/sp2.bedzin.pl\/wp-content\/uploads\/2025\/11\/sala-lekcyjna-nr-16-768x576.jpg 768w, https:\/\/sp2.bedzin.pl\/wp-content\/uploads\/2025\/11\/sala-lekcyjna-nr-16.jpg 824w\" sizes=\"(max-width: 300px) 100vw, 300px\" \/><img decoding=\"async\" class=\"alignnone size-medium wp-image-2557\" src=\"https:\/\/sp2.bedzin.pl\/wp-content\/uploads\/2025\/11\/sala-lekcyjna-nr-20-1-300x225.jpg\" alt=\"\" width=\"300\" height=\"225\" srcset=\"https:\/\/sp2.bedzin.pl\/wp-content\/uploads\/2025\/11\/sala-lekcyjna-nr-20-1-300x225.jpg 300w, https:\/\/sp2.bedzin.pl\/wp-content\/uploads\/2025\/11\/sala-lekcyjna-nr-20-1-768x576.jpg 768w, https:\/\/sp2.bedzin.pl\/wp-content\/uploads\/2025\/11\/sala-lekcyjna-nr-20-1.jpg 824w\" sizes=\"(max-width: 300px) 100vw, 300px\" \/><img loading=\"lazy\" decoding=\"async\" class=\"alignnone size-medium wp-image-2560\" src=\"https:\/\/sp2.bedzin.pl\/wp-content\/uploads\/2025\/11\/sala-lekcyjna-nr-7-300x225.jpg\" alt=\"\" width=\"300\" height=\"225\" srcset=\"https:\/\/sp2.bedzin.pl\/wp-content\/uploads\/2025\/11\/sala-lekcyjna-nr-7-300x225.jpg 300w, https:\/\/sp2.bedzin.pl\/wp-content\/uploads\/2025\/11\/sala-lekcyjna-nr-7-768x576.jpg 768w, https:\/\/sp2.bedzin.pl\/wp-content\/uploads\/2025\/11\/sala-lekcyjna-nr-7.jpg 824w\" sizes=\"(max-width: 300px) 100vw, 300px\" \/><img loading=\"lazy\" decoding=\"async\" class=\"alignnone size-medium wp-image-2549\" src=\"https:\/\/sp2.bedzin.pl\/wp-content\/uploads\/2025\/11\/sala-lekcyjna-nr-22a-300x145.jpg\" alt=\"\" width=\"300\" height=\"145\" srcset=\"https:\/\/sp2.bedzin.pl\/wp-content\/uploads\/2025\/11\/sala-lekcyjna-nr-22a-300x145.jpg 300w, https:\/\/sp2.bedzin.pl\/wp-content\/uploads\/2025\/11\/sala-lekcyjna-nr-22a-768x371.jpg 768w, https:\/\/sp2.bedzin.pl\/wp-content\/uploads\/2025\/11\/sala-lekcyjna-nr-22a.jpg 825w\" sizes=\"(max-width: 300px) 100vw, 300px\" \/><img loading=\"lazy\" decoding=\"async\" class=\"alignnone size-medium wp-image-2556\" src=\"https:\/\/sp2.bedzin.pl\/wp-content\/uploads\/2025\/11\/Sala-AV-1-300x225.jpg\" alt=\"\" width=\"300\" height=\"225\" srcset=\"https:\/\/sp2.bedzin.pl\/wp-content\/uploads\/2025\/11\/Sala-AV-1-300x225.jpg 300w, https:\/\/sp2.bedzin.pl\/wp-content\/uploads\/2025\/11\/Sala-AV-1-1024x768.jpg 1024w, https:\/\/sp2.bedzin.pl\/wp-content\/uploads\/2025\/11\/Sala-AV-1-768x576.jpg 768w, https:\/\/sp2.bedzin.pl\/wp-content\/uploads\/2025\/11\/Sala-AV-1-1536x1152.jpg 1536w, https:\/\/sp2.bedzin.pl\/wp-content\/uploads\/2025\/11\/Sala-AV-1-2048x1536.jpg 2048w\" sizes=\"(max-width: 300px) 100vw, 300px\" \/><img loading=\"lazy\" decoding=\"async\" class=\"alignnone size-medium wp-image-2555\" src=\"https:\/\/sp2.bedzin.pl\/wp-content\/uploads\/2025\/11\/Sala-AV-300x225.jpg\" alt=\"\" width=\"300\" height=\"225\" srcset=\"https:\/\/sp2.bedzin.pl\/wp-content\/uploads\/2025\/11\/Sala-AV-300x225.jpg 300w, https:\/\/sp2.bedzin.pl\/wp-content\/uploads\/2025\/11\/Sala-AV-1024x768.jpg 1024w, https:\/\/sp2.bedzin.pl\/wp-content\/uploads\/2025\/11\/Sala-AV-768x576.jpg 768w, https:\/\/sp2.bedzin.pl\/wp-content\/uploads\/2025\/11\/Sala-AV-1536x1152.jpg 1536w, https:\/\/sp2.bedzin.pl\/wp-content\/uploads\/2025\/11\/Sala-AV-2048x1536.jpg 2048w\" sizes=\"(max-width: 300px) 100vw, 300px\" \/><\/p>\n<p><span style=\"font-size: 24pt; color: #0000ff;\"><strong>Rok szkolny 2025\/2026<\/strong><\/span><\/p>\n<p><span style=\"font-size: 24pt; color: #0000ff;\"><strong>Klasa, wychowawca klasy, sala lekcyjna.<\/strong><\/span><\/p>\n<p>&nbsp;<\/p>\n<table style=\"width: 46.8687%; height: 812px;\" width=\"649\">\n<tbody>\n<tr style=\"height: 28px;\">\n<td style=\"text-align: center; height: 28px;\" width=\"116\"><span style=\"font-size: 18pt; color: #0000ff;\"><strong><span style=\"font-family: 'times new roman', times, serif;\">klasa<\/span><\/strong><\/span><\/td>\n<td style=\"text-align: center; height: 28px;\" width=\"356\"><span style=\"font-family: 'times new roman', times, serif; font-size: 18pt; color: #0000ff;\"><strong>wychowawca<\/strong><\/span><\/td>\n<td style=\"text-align: center; height: 28px;\" width=\"177\"><span style=\"font-family: 'times new roman', times, serif; font-size: 18pt; color: #0000ff;\"><strong>sala lekcyjna<\/strong><\/span><\/td>\n<\/tr>\n<tr style=\"height: 28px;\">\n<td style=\"text-align: center; height: 28px;\" width=\"116\"><strong><span style=\"font-family: 'times new roman', times, serif; font-size: 14pt; color: #0000ff;\">1a<\/span><\/strong><\/td>\n<td style=\"text-align: center; height: 28px;\" width=\"356\"><span style=\"font-family: 'times new roman', times, serif; font-size: 14pt;\">Anna Jaromirska-Czy\u017c<\/span><\/td>\n<td style=\"text-align: center; height: 28px;\" width=\"177\"><span style=\"font-family: 'times new roman', times, serif; font-size: 14pt;\">6<\/span><\/td>\n<\/tr>\n<tr style=\"height: 28px;\">\n<td style=\"text-align: center; height: 28px;\" width=\"116\"><strong><span style=\"font-family: 'times new roman', times, serif; font-size: 14pt; color: #0000ff;\">1b<\/span><\/strong><\/td>\n<td style=\"text-align: center; height: 28px;\" width=\"356\"><span style=\"font-family: 'times new roman', times, serif; font-size: 14pt;\">Alicja Duda<\/span><\/td>\n<td style=\"text-align: center; height: 28px;\" width=\"177\"><span style=\"font-family: 'times new roman', times, serif; font-size: 14pt;\">5<\/span><\/td>\n<\/tr>\n<tr style=\"height: 28px;\">\n<td style=\"text-align: center; height: 28px;\" width=\"116\"><strong><span style=\"font-family: 'times new roman', times, serif; font-size: 14pt; color: #0000ff;\">1c<\/span><\/strong><\/td>\n<td style=\"text-align: center; height: 28px;\" width=\"356\"><span style=\"font-family: 'times new roman', times, serif; font-size: 14pt;\">Natalia Leszczy\u0144ska<\/span><\/td>\n<td style=\"text-align: center; height: 28px;\" width=\"177\"><span style=\"font-family: 'times new roman', times, serif; font-size: 14pt;\">3<\/span><\/td>\n<\/tr>\n<tr style=\"height: 28px;\">\n<td style=\"text-align: center; height: 28px;\" width=\"116\"><strong><span style=\"font-family: 'times new roman', times, serif; font-size: 14pt; color: #0000ff;\">2a<\/span><\/strong><\/td>\n<td style=\"text-align: center; height: 28px;\" width=\"356\"><span style=\"font-family: 'times new roman', times, serif; font-size: 14pt;\">Agnieszka Juda-Cie\u017cak<\/span><\/td>\n<td style=\"text-align: center; height: 28px;\" width=\"177\"><span style=\"font-family: 'times new roman', times, serif; font-size: 14pt;\">4<\/span><\/td>\n<\/tr>\n<tr style=\"height: 28px;\">\n<td style=\"text-align: center; height: 28px;\" width=\"116\"><strong><span style=\"font-family: 'times new roman', times, serif; font-size: 14pt; color: #0000ff;\">2b<\/span><\/strong><\/td>\n<td style=\"text-align: center; height: 28px;\" width=\"356\"><span style=\"font-family: 'times new roman', times, serif; font-size: 14pt;\">Weronika Piotrowicz<\/span><\/td>\n<td style=\"text-align: center; height: 28px;\" width=\"177\"><span style=\"font-family: 'times new roman', times, serif; font-size: 14pt;\">8<\/span><\/td>\n<\/tr>\n<tr style=\"height: 28px;\">\n<td style=\"text-align: center; height: 28px;\" width=\"116\"><strong><span style=\"font-family: 'times new roman', times, serif; font-size: 14pt; color: #0000ff;\">2c<\/span><\/strong><\/td>\n<td style=\"text-align: center; height: 28px;\" width=\"356\"><span style=\"font-family: 'times new roman', times, serif; font-size: 14pt;\">Jolanta Majchrzak<\/span><\/td>\n<td style=\"text-align: center; height: 28px;\" width=\"177\"><span style=\"font-family: 'times new roman', times, serif; font-size: 14pt;\">8<\/span><\/td>\n<\/tr>\n<tr style=\"height: 28px;\">\n<td style=\"text-align: center; height: 28px;\" width=\"116\"><strong><span style=\"font-family: 'times new roman', times, serif; font-size: 14pt; color: #0000ff;\">3a<\/span><\/strong><\/td>\n<td style=\"text-align: center; height: 28px;\" width=\"356\"><span style=\"font-family: 'times new roman', times, serif; font-size: 14pt;\">Miros\u0142awa Urgacz<\/span><\/td>\n<td style=\"text-align: center; height: 28px;\" width=\"177\"><span style=\"font-family: 'times new roman', times, serif; font-size: 14pt;\">7<\/span><\/td>\n<\/tr>\n<tr style=\"height: 28px;\">\n<td style=\"text-align: center; height: 28px;\" width=\"116\"><strong><span style=\"font-family: 'times new roman', times, serif; font-size: 14pt; color: #0000ff;\">3b<\/span><\/strong><\/td>\n<td style=\"text-align: center; height: 28px;\" width=\"356\"><span style=\"font-family: 'times new roman', times, serif; font-size: 14pt;\">Renata Mazur-Turo\u0144<\/span><\/td>\n<td style=\"text-align: center; height: 28px;\" width=\"177\"><span style=\"font-family: 'times new roman', times, serif; font-size: 14pt;\">17<\/span><\/td>\n<\/tr>\n<tr style=\"height: 28px;\">\n<td style=\"text-align: center; height: 28px;\" width=\"116\"><strong><span style=\"font-family: 'times new roman', times, serif; font-size: 14pt; color: #0000ff;\">3c<\/span><\/strong><\/td>\n<td style=\"text-align: center; height: 28px;\" width=\"356\"><span style=\"font-family: 'times new roman', times, serif; font-size: 14pt;\">Jadwiga Poz\u0142\u00f3tka<\/span><\/td>\n<td style=\"text-align: center; height: 28px;\" width=\"177\"><span style=\"font-family: 'times new roman', times, serif; font-size: 14pt;\">7<\/span><\/td>\n<\/tr>\n<tr style=\"height: 28px;\">\n<td style=\"text-align: center; height: 28px;\" width=\"116\"><span style=\"font-size: 18pt; color: #0000ff;\"><strong><span style=\"font-family: 'times new roman', times, serif;\">klasa<\/span><\/strong><\/span><\/td>\n<td style=\"text-align: center; height: 28px;\" width=\"356\"><span style=\"font-size: 18pt; color: #0000ff;\"><strong><span style=\"font-family: 'times new roman', times, serif;\">wychowawca<\/span><\/strong><\/span><\/td>\n<td style=\"text-align: center; height: 28px;\" width=\"177\"><span style=\"font-size: 18pt; color: #0000ff;\"><strong><span style=\"font-family: 'times new roman', times, serif;\">sa<\/span><span style=\"font-family: 'times new roman', times, serif;\">la lekcyjna<\/span><\/strong><\/span><\/td>\n<\/tr>\n<tr style=\"height: 28px;\">\n<td style=\"text-align: center; height: 28px;\" width=\"116\"><strong><span style=\"font-family: 'times new roman', times, serif; font-size: 14pt; color: #0000ff;\">4a<\/span><\/strong><\/td>\n<td style=\"text-align: center; height: 28px;\" width=\"356\"><span style=\"font-family: 'times new roman', times, serif; font-size: 14pt;\">Damian Janaszke<\/span><\/td>\n<td style=\"text-align: center; height: 28px;\" width=\"177\"><span style=\"font-family: 'times new roman', times, serif; font-size: 14pt;\">24<\/span><\/td>\n<\/tr>\n<tr style=\"height: 28px;\">\n<td style=\"text-align: center; height: 28px;\" width=\"116\"><strong><span style=\"font-family: 'times new roman', times, serif; font-size: 14pt; color: #0000ff;\">4b<\/span><\/strong><\/td>\n<td style=\"text-align: center; height: 28px;\" width=\"356\"><span style=\"font-family: 'times new roman', times, serif; font-size: 14pt;\">Dorota Piotrowska<\/span><\/td>\n<td style=\"text-align: center; height: 28px;\" width=\"177\"><span style=\"font-family: 'times new roman', times, serif; font-size: 14pt;\">21<\/span><\/td>\n<\/tr>\n<tr style=\"height: 28px;\">\n<td style=\"text-align: center; height: 28px;\" width=\"116\"><strong><span style=\"font-family: 'times new roman', times, serif; font-size: 14pt; color: #0000ff;\">4c<\/span><\/strong><\/td>\n<td style=\"text-align: center; height: 28px;\" width=\"356\"><span style=\"font-family: 'times new roman', times, serif; font-size: 14pt;\">Anna Schackemy<\/span><\/td>\n<td style=\"text-align: center; height: 28px;\" width=\"177\"><span style=\"font-family: 'times new roman', times, serif; font-size: 14pt;\">13<\/span><\/td>\n<\/tr>\n<tr style=\"height: 28px;\">\n<td style=\"text-align: center; height: 28px;\" width=\"116\"><strong><span style=\"font-family: 'times new roman', times, serif; font-size: 14pt; color: #0000ff;\">4d<\/span><\/strong><\/td>\n<td style=\"text-align: center; height: 28px;\" width=\"356\"><span style=\"font-family: 'times new roman', times, serif; font-size: 14pt;\">Izabela Janiszewska<\/span><\/td>\n<td style=\"text-align: center; height: 28px;\" width=\"177\"><span style=\"font-family: 'times new roman', times, serif; font-size: 14pt;\">16<\/span><\/td>\n<\/tr>\n<tr style=\"height: 28px;\">\n<td style=\"text-align: center; height: 28px;\" width=\"116\"><strong><span style=\"font-family: 'times new roman', times, serif; font-size: 14pt; color: #0000ff;\">5a<\/span><\/strong><\/td>\n<td style=\"text-align: center; height: 28px;\" width=\"356\"><span style=\"font-family: 'times new roman', times, serif; font-size: 14pt;\">Ma\u0142gorzata Klimek<\/span><\/td>\n<td style=\"text-align: center; height: 28px;\" width=\"177\"><span style=\"font-family: 'times new roman', times, serif; font-size: 14pt;\">15<\/span><\/td>\n<\/tr>\n<tr style=\"height: 28px;\">\n<td style=\"text-align: center; height: 28px;\" width=\"116\"><strong><span style=\"font-family: 'times new roman', times, serif; font-size: 14pt; color: #0000ff;\">5b<\/span><\/strong><\/td>\n<td style=\"text-align: center; height: 28px;\" width=\"356\"><span style=\"font-family: 'times new roman', times, serif; font-size: 14pt;\">Agnieszka Samborska<\/span><\/td>\n<td style=\"text-align: center; height: 28px;\" width=\"177\"><span style=\"font-family: 'times new roman', times, serif; font-size: 14pt;\">19<\/span><\/td>\n<\/tr>\n<tr style=\"height: 28px;\">\n<td style=\"text-align: center; height: 28px;\" width=\"116\"><strong><span style=\"font-family: 'times new roman', times, serif; font-size: 14pt; color: #0000ff;\">5c<\/span><\/strong><\/td>\n<td style=\"text-align: center; height: 28px;\" width=\"356\"><span style=\"font-family: 'times new roman', times, serif; font-size: 14pt;\">Stanis\u0142aw Prussak<\/span><\/td>\n<td style=\"text-align: center; height: 28px;\" width=\"177\"><span style=\"font-family: 'times new roman', times, serif; font-size: 14pt;\">14<\/span><\/td>\n<\/tr>\n<tr style=\"height: 28px;\">\n<td style=\"text-align: center; height: 28px;\" width=\"116\"><strong><span style=\"font-family: 'times new roman', times, serif; font-size: 14pt; color: #0000ff;\">6a<\/span><\/strong><\/td>\n<td style=\"text-align: center; height: 28px;\" width=\"356\"><span style=\"font-family: 'times new roman', times, serif; font-size: 14pt;\">Szymon Bednarczyk<\/span><\/td>\n<td style=\"text-align: center; height: 28px;\" width=\"177\"><span style=\"font-family: 'times new roman', times, serif; font-size: 14pt;\">23<\/span><\/td>\n<\/tr>\n<tr style=\"height: 28px;\">\n<td style=\"text-align: center; height: 28px;\" width=\"116\"><strong><span style=\"font-family: 'times new roman', times, serif; font-size: 14pt; color: #0000ff;\">6b<\/span><\/strong><\/td>\n<td style=\"text-align: center; height: 28px;\" width=\"356\"><span style=\"font-family: 'times new roman', times, serif; font-size: 14pt;\">Ewelina Gnieciak<\/span><\/td>\n<td style=\"text-align: center; height: 28px;\" width=\"177\"><span style=\"font-family: 'times new roman', times, serif; font-size: 14pt;\">12<\/span><\/td>\n<\/tr>\n<tr style=\"height: 28px;\">\n<td style=\"text-align: center; height: 28px;\" width=\"116\"><strong><span style=\"font-family: 'times new roman', times, serif; font-size: 14pt; color: #0000ff;\">6c<\/span><\/strong><\/td>\n<td style=\"text-align: center; height: 28px;\" width=\"356\"><span style=\"font-family: 'times new roman', times, serif; font-size: 14pt;\">Aneta Tumidaj<\/span><\/td>\n<td style=\"text-align: center; height: 28px;\" width=\"177\"><span style=\"font-family: 'times new roman', times, serif; font-size: 14pt;\">9<\/span><\/td>\n<\/tr>\n<tr style=\"height: 28px;\">\n<td style=\"text-align: center; height: 28px;\" width=\"116\"><strong><span style=\"font-family: 'times new roman', times, serif; font-size: 14pt; color: #0000ff;\">6d<\/span><\/strong><\/td>\n<td style=\"text-align: center; height: 28px;\" width=\"356\"><span style=\"font-family: 'times new roman', times, serif; font-size: 14pt;\">Bogumi\u0142a Go\u0142kowska<\/span><\/td>\n<td style=\"text-align: center; height: 28px;\" width=\"177\"><span style=\"font-family: 'times new roman', times, serif; font-size: 14pt;\">20<\/span><\/td>\n<\/tr>\n<tr style=\"height: 28px;\">\n<td style=\"text-align: center; height: 28px;\" width=\"116\"><strong><span style=\"font-family: 'times new roman', times, serif; font-size: 14pt; color: #0000ff;\">7a<\/span><\/strong><\/td>\n<td style=\"text-align: center; height: 28px;\" width=\"356\"><span style=\"font-family: 'times new roman', times, serif; font-size: 14pt;\">Agata Szczyrba<\/span><\/td>\n<td style=\"text-align: center; height: 28px;\" width=\"177\"><span style=\"font-family: 'times new roman', times, serif; font-size: 14pt;\">18<\/span><\/td>\n<\/tr>\n<tr style=\"height: 28px;\">\n<td style=\"text-align: center; height: 28px;\" width=\"116\"><strong><span style=\"font-family: 'times new roman', times, serif; font-size: 14pt; color: #0000ff;\">7b<\/span><\/strong><\/td>\n<td style=\"text-align: center; height: 28px;\" width=\"356\"><span style=\"font-family: 'times new roman', times, serif; font-size: 14pt;\">Karolina Siuda<\/span><\/td>\n<td style=\"text-align: center; height: 28px;\" width=\"177\"><span style=\"font-family: 'times new roman', times, serif; font-size: 14pt;\">22<\/span><\/td>\n<\/tr>\n<tr style=\"height: 28px;\">\n<td style=\"text-align: center; height: 28px;\" width=\"116\"><strong><span style=\"font-family: 'times new roman', times, serif; font-size: 14pt; color: #0000ff;\">7c<\/span><\/strong><\/td>\n<td style=\"text-align: center; height: 28px;\" width=\"356\"><span style=\"font-family: 'times new roman', times, serif; font-size: 14pt;\">Sebastian Rabus<\/span><\/td>\n<td style=\"text-align: center; height: 28px;\" width=\"177\"><span style=\"font-family: 'times new roman', times, serif; font-size: 14pt;\">24<\/span><\/td>\n<\/tr>\n<tr style=\"height: 28px;\">\n<td style=\"text-align: center; height: 28px;\" width=\"116\"><strong><span style=\"font-family: 'times new roman', times, serif; font-size: 14pt; color: #0000ff;\">8a<\/span><\/strong><\/td>\n<td style=\"text-align: center; height: 28px;\" width=\"356\"><span style=\"font-family: 'times new roman', times, serif; font-size: 14pt;\">Zbigniew G\u0105dek<\/span><\/td>\n<td style=\"text-align: center; height: 28px;\" width=\"177\"><span style=\"font-family: 'times new roman', times, serif; font-size: 14pt;\">25<\/span><\/td>\n<\/tr>\n<tr style=\"height: 28px;\">\n<td style=\"text-align: center; height: 28px;\" width=\"116\"><strong><span style=\"font-family: 'times new roman', times, serif; font-size: 14pt; color: #0000ff;\">8b<\/span><\/strong><\/td>\n<td style=\"text-align: center; height: 28px;\" width=\"356\"><span style=\"font-family: 'times new roman', times, serif; font-size: 14pt;\">Blanka Cicho\u0144<\/span><\/td>\n<td style=\"text-align: center; height: 28px;\" width=\"177\"><span style=\"font-family: 'times new roman', times, serif; font-size: 14pt;\">11<\/span><\/td>\n<\/tr>\n<tr style=\"height: 28px;\">\n<td style=\"text-align: center; height: 28px;\" width=\"116\"><strong><span style=\"font-family: 'times new roman', times, serif; font-size: 14pt; color: #0000ff;\">8c<\/span><\/strong><\/td>\n<td style=\"text-align: center; height: 28px;\" width=\"356\"><span style=\"font-family: 'times new roman', times, serif; font-size: 14pt;\">Magdalena Truszkiewicz<\/span><\/td>\n<td style=\"text-align: center; height: 28px;\" width=\"177\"><span style=\"font-family: 'times new roman', times, serif; font-size: 14pt;\">AV<\/span><\/td>\n<\/tr>\n<tr style=\"height: 28px;\">\n<td style=\"text-align: center; height: 28px;\" width=\"116\"><strong><span style=\"font-family: 'times new roman', times, serif; font-size: 14pt; color: #0000ff;\">8d<\/span><\/strong><\/td>\n<td style=\"text-align: center; height: 28px;\" width=\"356\"><span style=\"font-family: 'times new roman', times, serif; font-size: 14pt;\">Aneta Radon<\/span><\/td>\n<td style=\"text-align: center; height: 28px;\" width=\"177\"><span style=\"font-family: 'times new roman', times, serif; font-size: 14pt;\">14<\/span><\/td>\n<\/tr>\n<\/tbody>\n<\/table>\n<p>&nbsp;<\/p>\n<p>&nbsp;<\/p>\n","protected":false},"excerpt":{"rendered":"<p>Rok szkolny 2025\/2026 Klasa, wychowawca klasy, sala lekcyjna. &nbsp; klasa wychowawca sala lekcyjna 1a Anna Jaromirska-Czy\u017c 6 1b Alicja Duda 5 1c Natalia Leszczy\u0144ska 3 2a Agnieszka Juda-Cie\u017cak 4 2b Weronika Piotrowicz 8 2c Jolanta Majchrzak 8 3a Miros\u0142awa Urgacz 7 3b Renata Mazur-Turo\u0144 17 3c Jadwiga Poz\u0142\u00f3tka 7 klasa [&hellip;]<\/p>\n","protected":false},"author":1,"featured_media":0,"parent":0,"menu_order":0,"comment_status":"closed","ping_status":"closed","template":"","meta":{"ngg_post_thumbnail":0,"footnotes":""},"class_list":["post-2290","page","type-page","status-publish","hentry"],"_links":{"self":[{"href":"https:\/\/sp2.bedzin.pl\/index.php?rest_route=\/wp\/v2\/pages\/2290","targetHints":{"allow":["GET"]}}],"collection":[{"href":"https:\/\/sp2.bedzin.pl\/index.php?rest_route=\/wp\/v2\/pages"}],"about":[{"href":"https:\/\/sp2.bedzin.pl\/index.php?rest_route=\/wp\/v2\/types\/page"}],"author":[{"embeddable":true,"href":"https:\/\/sp2.bedzin.pl\/index.php?rest_route=\/wp\/v2\/users\/1"}],"replies":[{"embeddable":true,"href":"https:\/\/sp2.bedzin.pl\/index.php?rest_route=%2Fwp%2Fv2%2Fcomments&post=2290"}],"version-history":[{"count":6,"href":"https:\/\/sp2.bedzin.pl\/index.php?rest_route=\/wp\/v2\/pages\/2290\/revisions"}],"predecessor-version":[{"id":2568,"href":"https:\/\/sp2.bedzin.pl\/index.php?rest_route=\/wp\/v2\/pages\/2290\/revisions\/2568"}],"wp:attachment":[{"href":"https:\/\/sp2.bedzin.pl\/index.php?rest_route=%2Fwp%2Fv2%2Fmedia&parent=2290"}],"curies":[{"name":"wp","href":"https:\/\/api.w.org\/{rel}","templated":true}]}}