{"id":2457,"date":"2025-11-07T21:16:00","date_gmt":"2025-11-07T21:16:00","guid":{"rendered":"https:\/\/sp2.bedzin.pl\/?page_id=2457"},"modified":"2026-04-27T08:15:49","modified_gmt":"2026-04-27T08:15:49","slug":"jadlospis-2","status":"publish","type":"page","link":"https:\/\/sp2.bedzin.pl\/?page_id=2457","title":{"rendered":"Jad\u0142ospis"},"content":{"rendered":"<p><span style=\"font-size: 18pt; color: #0000ff;\"><a href=\"https:\/\/sp2.bedzin.pl\/wp-content\/uploads\/2026\/04\/Jadlospis-27.04.2027-30.04.2026.pdf\">Jad\u0142ospis 27.04.2027-30.04.2026<\/a><\/span><\/p>\n<p><span style=\"font-size: 18pt; color: #0000ff;\"><a href=\"https:\/\/sp2.bedzin.pl\/wp-content\/uploads\/2026\/04\/Jadlospis-20.04.2026-24.04.2026.pdf\">Jad\u0142ospis 20.04.2026 &#8211; 24.04.2026<\/a><\/span><\/p>\n<p><span style=\"font-size: 18pt; color: #0000ff;\"><a href=\"https:\/\/sp2.bedzin.pl\/wp-content\/uploads\/2026\/04\/Jadlospis-13.04.2026-17.04.2026.pdf\">Jad\u0142ospis 13.04.2026-17.04.2026<\/a><\/span><\/p>\n<p><span style=\"font-size: 18pt; color: #0000ff;\"><a href=\"https:\/\/sp2.bedzin.pl\/wp-content\/uploads\/2026\/04\/Jadlospis-08.04.2026-10.04.2026.pdf\">Jad\u0142ospis 08.04.2026 &#8211; 10.04.2026<\/a><\/span><\/p>\n<p><span style=\"font-size: 18pt; color: #0000ff;\"><a href=\"https:\/\/sp2.bedzin.pl\/wp-content\/uploads\/2026\/03\/Jadlospis-30.03.2026r.-01.04.2026r.pdf\">Jad\u0142ospis 30.03.2026r. 01.04.2026r.<\/a><\/span><\/p>\n<p>&nbsp;<\/p>\n<p>&nbsp;<\/p>\n","protected":false},"excerpt":{"rendered":"<p>Jad\u0142ospis 27.04.2027-30.04.2026 Jad\u0142ospis 20.04.2026 &#8211; 24.04.2026 Jad\u0142ospis 13.04.2026-17.04.2026 Jad\u0142ospis 08.04.2026 &#8211; 10.04.2026 Jad\u0142ospis 30.03.2026r. 01.04.2026r. &nbsp; &nbsp;<\/p>\n","protected":false},"author":1,"featured_media":0,"parent":0,"menu_order":0,"comment_status":"closed","ping_status":"closed","template":"","meta":{"ngg_post_thumbnail":0,"footnotes":""},"class_list":["post-2457","page","type-page","status-publish","hentry"],"_links":{"self":[{"href":"https:\/\/sp2.bedzin.pl\/index.php?rest_route=\/wp\/v2\/pages\/2457","targetHints":{"allow":["GET"]}}],"collection":[{"href":"https:\/\/sp2.bedzin.pl\/index.php?rest_route=\/wp\/v2\/pages"}],"about":[{"href":"https:\/\/sp2.bedzin.pl\/index.php?rest_route=\/wp\/v2\/types\/page"}],"author":[{"embeddable":true,"href":"https:\/\/sp2.bedzin.pl\/index.php?rest_route=\/wp\/v2\/users\/1"}],"replies":[{"embeddable":true,"href":"https:\/\/sp2.bedzin.pl\/index.php?rest_route=%2Fwp%2Fv2%2Fcomments&post=2457"}],"version-history":[{"count":30,"href":"https:\/\/sp2.bedzin.pl\/index.php?rest_route=\/wp\/v2\/pages\/2457\/revisions"}],"predecessor-version":[{"id":2944,"href":"https:\/\/sp2.bedzin.pl\/index.php?rest_route=\/wp\/v2\/pages\/2457\/revisions\/2944"}],"wp:attachment":[{"href":"https:\/\/sp2.bedzin.pl\/index.php?rest_route=%2Fwp%2Fv2%2Fmedia&parent=2457"}],"curies":[{"name":"wp","href":"https:\/\/api.w.org\/{rel}","templated":true}]}}