{"id":2678,"date":"2025-12-10T18:51:01","date_gmt":"2025-12-10T18:51:01","guid":{"rendered":"https:\/\/sp2.bedzin.pl\/?page_id=2678"},"modified":"2025-12-10T19:03:56","modified_gmt":"2025-12-10T19:03:56","slug":"srodki-z-kpo-w-ramach-programu-nowe-komputery-przenosne-laptopy-i-laptopy-przegladarkowe-oraz-tablety-do-dyspozycji-uczniow","status":"publish","type":"page","link":"https:\/\/sp2.bedzin.pl\/?page_id=2678","title":{"rendered":"\u015arodki z KPO w ramach programu &#8222;Nowe komputery przeno\u015bne (laptopy i laptopy przegl\u0105darkowe) oraz tablety do dyspozycji uczni\u00f3w&#8221;."},"content":{"rendered":"<p style=\"text-align: center;\"><span style=\"font-size: 18pt;\"><strong><span style=\"color: #0000ff;\">Nasza szko\u0142a otrzyma\u0142a pomoce dydaktyczne w ramach przedsi\u0119wzi\u0119cia <\/span><\/strong><\/span><\/p>\n<p style=\"text-align: center;\"><span style=\"font-size: 18pt;\"><strong><span style=\"color: #0000ff;\">&#8222;Nowe komputery przeno\u015bne (laptopy i laptopy przegl\u0105darkowe) oraz tablety do dyspozycji uczni\u00f3w&#8221;.<\/span><\/strong><\/span><\/p>\n<p><img fetchpriority=\"high\" decoding=\"async\" class=\"wp-image-2685 aligncenter\" src=\"https:\/\/sp2.bedzin.pl\/wp-content\/uploads\/2025\/12\/Zalacznik-nr-3-do-Umowy-Plakat-informacyjny-C15G-1-1-300x212.jpg\" alt=\"\" width=\"903\" height=\"638\" srcset=\"https:\/\/sp2.bedzin.pl\/wp-content\/uploads\/2025\/12\/Zalacznik-nr-3-do-Umowy-Plakat-informacyjny-C15G-1-1-300x212.jpg 300w, https:\/\/sp2.bedzin.pl\/wp-content\/uploads\/2025\/12\/Zalacznik-nr-3-do-Umowy-Plakat-informacyjny-C15G-1-1-1024x724.jpg 1024w, https:\/\/sp2.bedzin.pl\/wp-content\/uploads\/2025\/12\/Zalacznik-nr-3-do-Umowy-Plakat-informacyjny-C15G-1-1-768x543.jpg 768w, https:\/\/sp2.bedzin.pl\/wp-content\/uploads\/2025\/12\/Zalacznik-nr-3-do-Umowy-Plakat-informacyjny-C15G-1-1-1536x1086.jpg 1536w, https:\/\/sp2.bedzin.pl\/wp-content\/uploads\/2025\/12\/Zalacznik-nr-3-do-Umowy-Plakat-informacyjny-C15G-1-1-2048x1449.jpg 2048w, https:\/\/sp2.bedzin.pl\/wp-content\/uploads\/2025\/12\/Zalacznik-nr-3-do-Umowy-Plakat-informacyjny-C15G-1-1-100x70.jpg 100w\" sizes=\"(max-width: 903px) 100vw, 903px\" \/><\/p>\n","protected":false},"excerpt":{"rendered":"<p>Nasza szko\u0142a otrzyma\u0142a pomoce dydaktyczne w ramach przedsi\u0119wzi\u0119cia &#8222;Nowe komputery przeno\u015bne (laptopy i laptopy przegl\u0105darkowe) oraz tablety do dyspozycji uczni\u00f3w&#8221;.<\/p>\n","protected":false},"author":2,"featured_media":0,"parent":0,"menu_order":0,"comment_status":"closed","ping_status":"closed","template":"","meta":{"ngg_post_thumbnail":0,"footnotes":""},"class_list":["post-2678","page","type-page","status-publish","hentry"],"_links":{"self":[{"href":"https:\/\/sp2.bedzin.pl\/index.php?rest_route=\/wp\/v2\/pages\/2678","targetHints":{"allow":["GET"]}}],"collection":[{"href":"https:\/\/sp2.bedzin.pl\/index.php?rest_route=\/wp\/v2\/pages"}],"about":[{"href":"https:\/\/sp2.bedzin.pl\/index.php?rest_route=\/wp\/v2\/types\/page"}],"author":[{"embeddable":true,"href":"https:\/\/sp2.bedzin.pl\/index.php?rest_route=\/wp\/v2\/users\/2"}],"replies":[{"embeddable":true,"href":"https:\/\/sp2.bedzin.pl\/index.php?rest_route=%2Fwp%2Fv2%2Fcomments&post=2678"}],"version-history":[{"count":7,"href":"https:\/\/sp2.bedzin.pl\/index.php?rest_route=\/wp\/v2\/pages\/2678\/revisions"}],"predecessor-version":[{"id":2688,"href":"https:\/\/sp2.bedzin.pl\/index.php?rest_route=\/wp\/v2\/pages\/2678\/revisions\/2688"}],"wp:attachment":[{"href":"https:\/\/sp2.bedzin.pl\/index.php?rest_route=%2Fwp%2Fv2%2Fmedia&parent=2678"}],"curies":[{"name":"wp","href":"https:\/\/api.w.org\/{rel}","templated":true}]}}