{"id":2717,"date":"2026-01-11T19:48:41","date_gmt":"2026-01-11T19:48:41","guid":{"rendered":"https:\/\/sp2.bedzin.pl\/?page_id=2717"},"modified":"2026-01-11T19:49:06","modified_gmt":"2026-01-11T19:49:06","slug":"transport-gzm-gornoslasko-zaglebiowska-metropolia","status":"publish","type":"page","link":"https:\/\/sp2.bedzin.pl\/?page_id=2717","title":{"rendered":"Transport  GZM    G\u00f3rno\u015bl\u0105sko-Zag\u0142\u0119biowska Metropolia"},"content":{"rendered":"<p><strong><span style=\"font-size: 18pt;\"><a href=\"https:\/\/sp2.bedzin.pl\/wp-content\/uploads\/2026\/01\/Informacja-dla-rodzicow-transport-GZM.pdf\">Informacja dla rodzic\u00f3w &#8211; transport GZM<\/a><\/span><\/strong><\/p>\n<p>&nbsp;<\/p>\n","protected":false},"excerpt":{"rendered":"<p>Informacja dla rodzic\u00f3w &#8211; transport GZM &nbsp;<\/p>\n","protected":false},"author":2,"featured_media":0,"parent":0,"menu_order":0,"comment_status":"closed","ping_status":"closed","template":"","meta":{"ngg_post_thumbnail":0,"footnotes":""},"class_list":["post-2717","page","type-page","status-publish","hentry"],"_links":{"self":[{"href":"https:\/\/sp2.bedzin.pl\/index.php?rest_route=\/wp\/v2\/pages\/2717","targetHints":{"allow":["GET"]}}],"collection":[{"href":"https:\/\/sp2.bedzin.pl\/index.php?rest_route=\/wp\/v2\/pages"}],"about":[{"href":"https:\/\/sp2.bedzin.pl\/index.php?rest_route=\/wp\/v2\/types\/page"}],"author":[{"embeddable":true,"href":"https:\/\/sp2.bedzin.pl\/index.php?rest_route=\/wp\/v2\/users\/2"}],"replies":[{"embeddable":true,"href":"https:\/\/sp2.bedzin.pl\/index.php?rest_route=%2Fwp%2Fv2%2Fcomments&post=2717"}],"version-history":[{"count":2,"href":"https:\/\/sp2.bedzin.pl\/index.php?rest_route=\/wp\/v2\/pages\/2717\/revisions"}],"predecessor-version":[{"id":2720,"href":"https:\/\/sp2.bedzin.pl\/index.php?rest_route=\/wp\/v2\/pages\/2717\/revisions\/2720"}],"wp:attachment":[{"href":"https:\/\/sp2.bedzin.pl\/index.php?rest_route=%2Fwp%2Fv2%2Fmedia&parent=2717"}],"curies":[{"name":"wp","href":"https:\/\/api.w.org\/{rel}","templated":true}]}}