{"id":2820,"date":"2026-04-12T20:44:44","date_gmt":"2026-04-12T20:44:44","guid":{"rendered":"https:\/\/sp2.bedzin.pl\/?page_id=2820"},"modified":"2026-04-12T20:50:31","modified_gmt":"2026-04-12T20:50:31","slug":"deklaracje-dostepnosci","status":"publish","type":"page","link":"https:\/\/sp2.bedzin.pl\/?page_id=2820","title":{"rendered":"Deklaracje dost\u0119pno\u015bci"},"content":{"rendered":"<p><a href=\"https:\/\/sp2.bedzin.pl\/wp-content\/uploads\/2026\/04\/1.-SP2-Deklaracja-dostepnosci-21.09.2020.pdf\">1. SP2 Deklaracja dost\u0119pno\u015bci 21.09.2020<\/a><\/p>\n<p><a href=\"https:\/\/sp2.bedzin.pl\/wp-content\/uploads\/2026\/04\/2.-SP2-Deklaracja-dostepnosci-1.09.2022.pdf\">2. SP2 Deklaracja dost\u0119pno\u015bci 1.09.2022<\/a><\/p>\n<p><a href=\"https:\/\/sp2.bedzin.pl\/wp-content\/uploads\/2026\/04\/3.-SP2-Deklaracja-dostepnosci-04.09.2023.pdf\">3. SP2 Deklaracja dost\u0119pno\u015bci 04.09.2023<\/a><\/p>\n<p><a href=\"https:\/\/sp2.bedzin.pl\/wp-content\/uploads\/2026\/04\/4.-SP2-Deklaracja-dostepnosci-02.09.2024.pdf\">4. SP2 Deklaracja dost\u0119pno\u015bci 02.09.2024<\/a><\/p>\n<p><a href=\"https:\/\/sp2.bedzin.pl\/wp-content\/uploads\/2026\/04\/5.-SP2-Deklaracja-dostepnosci-01.09.2025.pdf\">5. SP2 Deklaracja dost\u0119pno\u015bci 01.09.2025<\/a><\/p>\n","protected":false},"excerpt":{"rendered":"<p>1. SP2 Deklaracja dost\u0119pno\u015bci 21.09.2020 2. SP2 Deklaracja dost\u0119pno\u015bci 1.09.2022 3. SP2 Deklaracja dost\u0119pno\u015bci 04.09.2023 4. SP2 Deklaracja dost\u0119pno\u015bci 02.09.2024 5. SP2 Deklaracja dost\u0119pno\u015bci 01.09.2025<\/p>\n","protected":false},"author":2,"featured_media":0,"parent":0,"menu_order":0,"comment_status":"closed","ping_status":"closed","template":"","meta":{"ngg_post_thumbnail":0,"footnotes":""},"class_list":["post-2820","page","type-page","status-publish","hentry"],"_links":{"self":[{"href":"https:\/\/sp2.bedzin.pl\/index.php?rest_route=\/wp\/v2\/pages\/2820","targetHints":{"allow":["GET"]}}],"collection":[{"href":"https:\/\/sp2.bedzin.pl\/index.php?rest_route=\/wp\/v2\/pages"}],"about":[{"href":"https:\/\/sp2.bedzin.pl\/index.php?rest_route=\/wp\/v2\/types\/page"}],"author":[{"embeddable":true,"href":"https:\/\/sp2.bedzin.pl\/index.php?rest_route=\/wp\/v2\/users\/2"}],"replies":[{"embeddable":true,"href":"https:\/\/sp2.bedzin.pl\/index.php?rest_route=%2Fwp%2Fv2%2Fcomments&post=2820"}],"version-history":[{"count":3,"href":"https:\/\/sp2.bedzin.pl\/index.php?rest_route=\/wp\/v2\/pages\/2820\/revisions"}],"predecessor-version":[{"id":2829,"href":"https:\/\/sp2.bedzin.pl\/index.php?rest_route=\/wp\/v2\/pages\/2820\/revisions\/2829"}],"wp:attachment":[{"href":"https:\/\/sp2.bedzin.pl\/index.php?rest_route=%2Fwp%2Fv2%2Fmedia&parent=2820"}],"curies":[{"name":"wp","href":"https:\/\/api.w.org\/{rel}","templated":true}]}}