{"id":2838,"date":"2026-04-21T21:09:07","date_gmt":"2026-04-21T21:09:07","guid":{"rendered":"https:\/\/sp2.bedzin.pl\/?page_id=2838"},"modified":"2026-04-21T21:11:44","modified_gmt":"2026-04-21T21:11:44","slug":"716-rocznica-urodzin-i-693-rocznica-koronacji-kazimierza-iii-wielkiego-krola-polskiego-zalozyciela-bedzina","status":"publish","type":"page","link":"https:\/\/sp2.bedzin.pl\/?page_id=2838","title":{"rendered":"716. rocznica urodzin i 693. rocznica koronacji Kazimierza III Wielkiego, kr\u00f3la polskiego, za\u0142o\u017cyciela B\u0119dzina"},"content":{"rendered":"<p><img fetchpriority=\"high\" decoding=\"async\" class=\"alignnone  wp-image-2839\" src=\"https:\/\/sp2.bedzin.pl\/wp-content\/uploads\/2026\/04\/IMG-20260421-WA0009-300x211.jpg\" alt=\"\" width=\"1113\" height=\"783\" srcset=\"https:\/\/sp2.bedzin.pl\/wp-content\/uploads\/2026\/04\/IMG-20260421-WA0009-300x211.jpg 300w, https:\/\/sp2.bedzin.pl\/wp-content\/uploads\/2026\/04\/IMG-20260421-WA0009-1024x721.jpg 1024w, https:\/\/sp2.bedzin.pl\/wp-content\/uploads\/2026\/04\/IMG-20260421-WA0009-768x540.jpg 768w, https:\/\/sp2.bedzin.pl\/wp-content\/uploads\/2026\/04\/IMG-20260421-WA0009-1536x1081.jpg 1536w, https:\/\/sp2.bedzin.pl\/wp-content\/uploads\/2026\/04\/IMG-20260421-WA0009-100x70.jpg 100w, https:\/\/sp2.bedzin.pl\/wp-content\/uploads\/2026\/04\/IMG-20260421-WA0009.jpg 1600w\" sizes=\"(max-width: 1113px) 100vw, 1113px\" \/><\/p>\n","protected":false},"excerpt":{"rendered":"","protected":false},"author":2,"featured_media":0,"parent":0,"menu_order":0,"comment_status":"closed","ping_status":"closed","template":"","meta":{"ngg_post_thumbnail":0,"footnotes":""},"class_list":["post-2838","page","type-page","status-publish","hentry"],"_links":{"self":[{"href":"https:\/\/sp2.bedzin.pl\/index.php?rest_route=\/wp\/v2\/pages\/2838","targetHints":{"allow":["GET"]}}],"collection":[{"href":"https:\/\/sp2.bedzin.pl\/index.php?rest_route=\/wp\/v2\/pages"}],"about":[{"href":"https:\/\/sp2.bedzin.pl\/index.php?rest_route=\/wp\/v2\/types\/page"}],"author":[{"embeddable":true,"href":"https:\/\/sp2.bedzin.pl\/index.php?rest_route=\/wp\/v2\/users\/2"}],"replies":[{"embeddable":true,"href":"https:\/\/sp2.bedzin.pl\/index.php?rest_route=%2Fwp%2Fv2%2Fcomments&post=2838"}],"version-history":[{"count":2,"href":"https:\/\/sp2.bedzin.pl\/index.php?rest_route=\/wp\/v2\/pages\/2838\/revisions"}],"predecessor-version":[{"id":2842,"href":"https:\/\/sp2.bedzin.pl\/index.php?rest_route=\/wp\/v2\/pages\/2838\/revisions\/2842"}],"wp:attachment":[{"href":"https:\/\/sp2.bedzin.pl\/index.php?rest_route=%2Fwp%2Fv2%2Fmedia&parent=2838"}],"curies":[{"name":"wp","href":"https:\/\/api.w.org\/{rel}","templated":true}]}}